{"id":7637,"date":"2022-01-29T14:49:48","date_gmt":"2022-01-29T13:49:48","guid":{"rendered":"https:\/\/woodzone.dk\/shop\/uncategorized\/wz-dece\/"},"modified":"2024-08-06T10:45:11","modified_gmt":"2024-08-06T08:45:11","slug":"wz-dece","status":"publish","type":"product","link":"https:\/\/woodzone.dk\/en\/shop\/chairs\/dining-chair\/dining-chairs-with-black-leather\/wz-dece\/","title":{"rendered":"WZ.DECE spisebordsstol i tr\u00e6"},"content":{"rendered":"<div class=\"wpb-content-wrapper\"><p>[vc_row][vc_column][vc_column_text]<\/p>\n<p style=\"font-weight: 400;\">S\u00e6deh\u00f8jde: 430 mm Totalh\u00f8jde: 764 mm Bredde: 517 mm<\/p>\n<p>[\/vc_column_text][\/vc_column][\/vc_row]<\/p>\n<\/div>","protected":false},"excerpt":{"rendered":"<p style=\"font-weight: 400;\">Comfortable and unique dining chair. Frame produced in solid oak and backrest in oak veneer. Soft padded seat covered in semi-anilin leather. Bag padding available.<\/p>\n<h6>Treatment<\/h6>\n<p> Treated with un-pigmented oil, PUR-varnish or black varnish.<\/p>\n","protected":false},"featured_media":6613,"template":"","meta":{"_acf_changed":false,"inline_featured_image":false},"product_brand":[],"product_cat":[266,360,394,392,393],"product_tag":[],"class_list":{"0":"post-7637","1":"product","2":"type-product","3":"status-publish","4":"has-post-thumbnail","6":"product_cat-chairs","7":"product_cat-dining-chair","8":"product_cat-dining-chairs-in-oak","9":"product_cat-dining-chairs-with-black-leather","10":"product_cat-dining-chairs-with-cognac-leather","11":"product_shipping_class-carriage-free","12":"pa_materiale-behandling-oak-black-varnish","13":"pa_materiale-behandling-oak-oil","14":"pa_materiale-behandling-oak-pur-varnish","15":"pa_polstring-black-leather","16":"pa_polstring-cognac-leather","18":"first","19":"instock","20":"taxable","21":"shipping-taxable","22":"purchasable","23":"product-type-variable"},"exclude_global_add_ons":false,"addons":[{"name":"Backrest","type":"multiple_choice","position":0,"required":true,"title_format":"label","default":"","description_enable":false,"description":null,"placeholder_enable":false,"placeholder":"","display":"images","restrictions_type":"any_text","adjust_price":true,"price":"2796","price_type":"quantity_based","restrictions":true,"min":"0","max":"2","options":[{"label":"No, I do not want back padding","price":"","price_type":"quantity_based","image":2005,"visibility":true},{"label":"Yes, I want back padding","price":"515","price_type":"quantity_based","image":2004,"visibility":true}],"id":1713437915},{"name":"Drilling of felt feet","type":"multiple_choice","position":1,"required":true,"title_format":"label","default":"","description_enable":true,"description":"Felt feet are mounted under each chair leg to protect the floor.","placeholder_enable":false,"placeholder":"","display":"images","restrictions_type":"any_text","adjust_price":false,"price":"","price_type":"flat_fee","restrictions":false,"min":"0","max":"0","options":[{"label":"No, I do not want felt feet","price":"","price_type":"flat_fee","image":3592,"visibility":true},{"label":"Yes, I want felt feet","price":"25","price_type":"flat_fee","image":3591,"visibility":true}],"id":1713437916}],"acf":[],"yoast_head":"<!-- This site is optimized with the Yoast SEO plugin v27.3 - https:\/\/yoast.com\/product\/yoast-seo-wordpress\/ -->\n<title>WZ.DECE spisebordsstol i tr\u00e6<\/title>\n<meta name=\"robots\" content=\"index, follow, max-snippet:-1, max-image-preview:large, max-video-preview:-1\" \/>\n<link rel=\"canonical\" href=\"https:\/\/woodzone.dk\/en\/shop\/chairs\/dining-chair\/dining-chairs-with-black-leather\/wz-dece\/\" \/>\n<meta property=\"og:locale\" content=\"en_US\" \/>\n<meta property=\"og:type\" content=\"article\" \/>\n<meta property=\"og:title\" content=\"WZ.DECE spisebordsstol i tr\u00e6\" \/>\n<meta property=\"og:description\" content=\"Comfortable and unique dining chair. Frame produced in solid oak and backrest in oak veneer. Soft padded seat covered in semi-anilin leather. Bag padding available. Treatment Treated with un-pigmented oil, PUR-varnish or black varnish.\" \/>\n<meta property=\"og:url\" content=\"https:\/\/woodzone.dk\/en\/shop\/chairs\/dining-chair\/dining-chairs-with-black-leather\/wz-dece\/\" \/>\n<meta property=\"og:site_name\" content=\"WOOD ZONE\" \/>\n<meta property=\"article:publisher\" content=\"https:\/\/www.facebook.com\/woodzonefurnituredk\/\" \/>\n<meta property=\"article:modified_time\" content=\"2024-08-06T08:45:11+00:00\" \/>\n<meta property=\"og:image\" content=\"https:\/\/woodzone.dk\/wp-content\/uploads\/2022\/01\/wz.dece-olie-sort-skraa.jpg\" \/>\n\t<meta property=\"og:image:width\" content=\"1200\" \/>\n\t<meta property=\"og:image:height\" content=\"1200\" \/>\n\t<meta property=\"og:image:type\" content=\"image\/jpeg\" \/>\n<meta name=\"twitter:card\" content=\"summary_large_image\" \/>\n<meta name=\"twitter:label1\" content=\"Est. reading time\" \/>\n\t<meta name=\"twitter:data1\" content=\"1 minute\" \/>\n<script type=\"application\/ld+json\" class=\"yoast-schema-graph\">{\"@context\":\"https:\\\/\\\/schema.org\",\"@graph\":[{\"@type\":\"WebPage\",\"@id\":\"https:\\\/\\\/woodzone.dk\\\/en\\\/shop\\\/chairs\\\/dining-chair\\\/dining-chairs-with-black-leather\\\/wz-dece\\\/\",\"url\":\"https:\\\/\\\/woodzone.dk\\\/en\\\/shop\\\/chairs\\\/dining-chair\\\/dining-chairs-with-black-leather\\\/wz-dece\\\/\",\"name\":\"WZ.DECE spisebordsstol i tr\u00e6\",\"isPartOf\":{\"@id\":\"https:\\\/\\\/woodzone.dk\\\/#website\"},\"primaryImageOfPage\":{\"@id\":\"https:\\\/\\\/woodzone.dk\\\/en\\\/shop\\\/chairs\\\/dining-chair\\\/dining-chairs-with-black-leather\\\/wz-dece\\\/#primaryimage\"},\"image\":{\"@id\":\"https:\\\/\\\/woodzone.dk\\\/en\\\/shop\\\/chairs\\\/dining-chair\\\/dining-chairs-with-black-leather\\\/wz-dece\\\/#primaryimage\"},\"thumbnailUrl\":\"https:\\\/\\\/woodzone.dk\\\/wp-content\\\/uploads\\\/2022\\\/01\\\/wz.dece-olie-sort-skraa.jpg\",\"datePublished\":\"2022-01-29T13:49:48+00:00\",\"dateModified\":\"2024-08-06T08:45:11+00:00\",\"breadcrumb\":{\"@id\":\"https:\\\/\\\/woodzone.dk\\\/en\\\/shop\\\/chairs\\\/dining-chair\\\/dining-chairs-with-black-leather\\\/wz-dece\\\/#breadcrumb\"},\"inLanguage\":\"en-US\",\"potentialAction\":[{\"@type\":\"ReadAction\",\"target\":[\"https:\\\/\\\/woodzone.dk\\\/en\\\/shop\\\/chairs\\\/dining-chair\\\/dining-chairs-with-black-leather\\\/wz-dece\\\/\"]}]},{\"@type\":\"ImageObject\",\"inLanguage\":\"en-US\",\"@id\":\"https:\\\/\\\/woodzone.dk\\\/en\\\/shop\\\/chairs\\\/dining-chair\\\/dining-chairs-with-black-leather\\\/wz-dece\\\/#primaryimage\",\"url\":\"https:\\\/\\\/woodzone.dk\\\/wp-content\\\/uploads\\\/2022\\\/01\\\/wz.dece-olie-sort-skraa.jpg\",\"contentUrl\":\"https:\\\/\\\/woodzone.dk\\\/wp-content\\\/uploads\\\/2022\\\/01\\\/wz.dece-olie-sort-skraa.jpg\",\"width\":1200,\"height\":1200,\"caption\":\"Spisebordsstol eg\"},{\"@type\":\"BreadcrumbList\",\"@id\":\"https:\\\/\\\/woodzone.dk\\\/en\\\/shop\\\/chairs\\\/dining-chair\\\/dining-chairs-with-black-leather\\\/wz-dece\\\/#breadcrumb\",\"itemListElement\":[{\"@type\":\"ListItem\",\"position\":1,\"name\":\"Hjem\",\"item\":\"https:\\\/\\\/woodzone.dk\\\/en\\\/front-page\\\/\"},{\"@type\":\"ListItem\",\"position\":2,\"name\":\"Shop\",\"item\":\"https:\\\/\\\/woodzone.dk\\\/en\\\/shop\\\/\"},{\"@type\":\"ListItem\",\"position\":3,\"name\":\"WZ.DECE spisebordsstol i tr\u00e6\"}]},{\"@type\":\"WebSite\",\"@id\":\"https:\\\/\\\/woodzone.dk\\\/#website\",\"url\":\"https:\\\/\\\/woodzone.dk\\\/\",\"name\":\"WOOD ZONE\",\"description\":\"Unikke m\u00f8bler | H\u00e5ndlavet i Danmark\",\"publisher\":{\"@id\":\"https:\\\/\\\/woodzone.dk\\\/#organization\"},\"potentialAction\":[{\"@type\":\"SearchAction\",\"target\":{\"@type\":\"EntryPoint\",\"urlTemplate\":\"https:\\\/\\\/woodzone.dk\\\/?s={search_term_string}\"},\"query-input\":{\"@type\":\"PropertyValueSpecification\",\"valueRequired\":true,\"valueName\":\"search_term_string\"}}],\"inLanguage\":\"en-US\"},{\"@type\":\"Organization\",\"@id\":\"https:\\\/\\\/woodzone.dk\\\/#organization\",\"name\":\"Wood Zone\",\"url\":\"https:\\\/\\\/woodzone.dk\\\/\",\"logo\":{\"@type\":\"ImageObject\",\"inLanguage\":\"en-US\",\"@id\":\"https:\\\/\\\/woodzone.dk\\\/#\\\/schema\\\/logo\\\/image\\\/\",\"url\":\"https:\\\/\\\/woodzone.dk\\\/wp-content\\\/uploads\\\/2022\\\/01\\\/logo-retina.png\",\"contentUrl\":\"https:\\\/\\\/woodzone.dk\\\/wp-content\\\/uploads\\\/2022\\\/01\\\/logo-retina.png\",\"width\":102,\"height\":100,\"caption\":\"Wood Zone\"},\"image\":{\"@id\":\"https:\\\/\\\/woodzone.dk\\\/#\\\/schema\\\/logo\\\/image\\\/\"},\"sameAs\":[\"https:\\\/\\\/www.facebook.com\\\/woodzonefurnituredk\\\/\",\"https:\\\/\\\/www.instagram.com\\\/woodzone_furniture\\\/\",\"https:\\\/\\\/www.linkedin.com\\\/company\\\/wood-zone\\\/\"]}]}<\/script>\n<!-- \/ Yoast SEO plugin. -->","yoast_head_json":{"title":"WZ.DECE spisebordsstol i tr\u00e6","robots":{"index":"index","follow":"follow","max-snippet":"max-snippet:-1","max-image-preview":"max-image-preview:large","max-video-preview":"max-video-preview:-1"},"canonical":"https:\/\/woodzone.dk\/en\/shop\/chairs\/dining-chair\/dining-chairs-with-black-leather\/wz-dece\/","og_locale":"en_US","og_type":"article","og_title":"WZ.DECE spisebordsstol i tr\u00e6","og_description":"Comfortable and unique dining chair. Frame produced in solid oak and backrest in oak veneer. Soft padded seat covered in semi-anilin leather. Bag padding available. Treatment Treated with un-pigmented oil, PUR-varnish or black varnish.","og_url":"https:\/\/woodzone.dk\/en\/shop\/chairs\/dining-chair\/dining-chairs-with-black-leather\/wz-dece\/","og_site_name":"WOOD ZONE","article_publisher":"https:\/\/www.facebook.com\/woodzonefurnituredk\/","article_modified_time":"2024-08-06T08:45:11+00:00","og_image":[{"width":1200,"height":1200,"url":"https:\/\/woodzone.dk\/wp-content\/uploads\/2022\/01\/wz.dece-olie-sort-skraa.jpg","type":"image\/jpeg"}],"twitter_card":"summary_large_image","twitter_misc":{"Est. reading time":"1 minute"},"schema":{"@context":"https:\/\/schema.org","@graph":[{"@type":"WebPage","@id":"https:\/\/woodzone.dk\/en\/shop\/chairs\/dining-chair\/dining-chairs-with-black-leather\/wz-dece\/","url":"https:\/\/woodzone.dk\/en\/shop\/chairs\/dining-chair\/dining-chairs-with-black-leather\/wz-dece\/","name":"WZ.DECE spisebordsstol i tr\u00e6","isPartOf":{"@id":"https:\/\/woodzone.dk\/#website"},"primaryImageOfPage":{"@id":"https:\/\/woodzone.dk\/en\/shop\/chairs\/dining-chair\/dining-chairs-with-black-leather\/wz-dece\/#primaryimage"},"image":{"@id":"https:\/\/woodzone.dk\/en\/shop\/chairs\/dining-chair\/dining-chairs-with-black-leather\/wz-dece\/#primaryimage"},"thumbnailUrl":"https:\/\/woodzone.dk\/wp-content\/uploads\/2022\/01\/wz.dece-olie-sort-skraa.jpg","datePublished":"2022-01-29T13:49:48+00:00","dateModified":"2024-08-06T08:45:11+00:00","breadcrumb":{"@id":"https:\/\/woodzone.dk\/en\/shop\/chairs\/dining-chair\/dining-chairs-with-black-leather\/wz-dece\/#breadcrumb"},"inLanguage":"en-US","potentialAction":[{"@type":"ReadAction","target":["https:\/\/woodzone.dk\/en\/shop\/chairs\/dining-chair\/dining-chairs-with-black-leather\/wz-dece\/"]}]},{"@type":"ImageObject","inLanguage":"en-US","@id":"https:\/\/woodzone.dk\/en\/shop\/chairs\/dining-chair\/dining-chairs-with-black-leather\/wz-dece\/#primaryimage","url":"https:\/\/woodzone.dk\/wp-content\/uploads\/2022\/01\/wz.dece-olie-sort-skraa.jpg","contentUrl":"https:\/\/woodzone.dk\/wp-content\/uploads\/2022\/01\/wz.dece-olie-sort-skraa.jpg","width":1200,"height":1200,"caption":"Spisebordsstol eg"},{"@type":"BreadcrumbList","@id":"https:\/\/woodzone.dk\/en\/shop\/chairs\/dining-chair\/dining-chairs-with-black-leather\/wz-dece\/#breadcrumb","itemListElement":[{"@type":"ListItem","position":1,"name":"Hjem","item":"https:\/\/woodzone.dk\/en\/front-page\/"},{"@type":"ListItem","position":2,"name":"Shop","item":"https:\/\/woodzone.dk\/en\/shop\/"},{"@type":"ListItem","position":3,"name":"WZ.DECE spisebordsstol i tr\u00e6"}]},{"@type":"WebSite","@id":"https:\/\/woodzone.dk\/#website","url":"https:\/\/woodzone.dk\/","name":"WOOD ZONE","description":"Unikke m\u00f8bler | H\u00e5ndlavet i Danmark","publisher":{"@id":"https:\/\/woodzone.dk\/#organization"},"potentialAction":[{"@type":"SearchAction","target":{"@type":"EntryPoint","urlTemplate":"https:\/\/woodzone.dk\/?s={search_term_string}"},"query-input":{"@type":"PropertyValueSpecification","valueRequired":true,"valueName":"search_term_string"}}],"inLanguage":"en-US"},{"@type":"Organization","@id":"https:\/\/woodzone.dk\/#organization","name":"Wood Zone","url":"https:\/\/woodzone.dk\/","logo":{"@type":"ImageObject","inLanguage":"en-US","@id":"https:\/\/woodzone.dk\/#\/schema\/logo\/image\/","url":"https:\/\/woodzone.dk\/wp-content\/uploads\/2022\/01\/logo-retina.png","contentUrl":"https:\/\/woodzone.dk\/wp-content\/uploads\/2022\/01\/logo-retina.png","width":102,"height":100,"caption":"Wood Zone"},"image":{"@id":"https:\/\/woodzone.dk\/#\/schema\/logo\/image\/"},"sameAs":["https:\/\/www.facebook.com\/woodzonefurnituredk\/","https:\/\/www.instagram.com\/woodzone_furniture\/","https:\/\/www.linkedin.com\/company\/wood-zone\/"]}]}},"_links":{"self":[{"href":"https:\/\/woodzone.dk\/en\/wp-json\/wp\/v2\/product\/7637","targetHints":{"allow":["GET"]}}],"collection":[{"href":"https:\/\/woodzone.dk\/en\/wp-json\/wp\/v2\/product"}],"about":[{"href":"https:\/\/woodzone.dk\/en\/wp-json\/wp\/v2\/types\/product"}],"wp:featuredmedia":[{"embeddable":true,"href":"https:\/\/woodzone.dk\/en\/wp-json\/wp\/v2\/media\/6613"}],"wp:attachment":[{"href":"https:\/\/woodzone.dk\/en\/wp-json\/wp\/v2\/media?parent=7637"}],"wp:term":[{"taxonomy":"product_brand","embeddable":true,"href":"https:\/\/woodzone.dk\/en\/wp-json\/wp\/v2\/product_brand?post=7637"},{"taxonomy":"product_cat","embeddable":true,"href":"https:\/\/woodzone.dk\/en\/wp-json\/wp\/v2\/product_cat?post=7637"},{"taxonomy":"product_tag","embeddable":true,"href":"https:\/\/woodzone.dk\/en\/wp-json\/wp\/v2\/product_tag?post=7637"}],"curies":[{"name":"wp","href":"https:\/\/api.w.org\/{rel}","templated":true}]}}